{"id":8055,"date":"2025-08-07T10:33:59","date_gmt":"2025-08-07T13:33:59","guid":{"rendered":"https:\/\/projeto.corsites.com.br\/finance\/?page_id=8055"},"modified":"2025-08-11T11:30:29","modified_gmt":"2025-08-11T14:30:29","slug":"vagas","status":"publish","type":"page","link":"https:\/\/projeto.corsites.com.br\/finance\/vagas\/","title":{"rendered":"Vagas"},"content":{"rendered":"\t\t<div data-elementor-type=\"wp-page\" data-elementor-id=\"8055\" class=\"elementor elementor-8055\" data-elementor-post-type=\"page\">\n\t\t\t\t\t\t\t<div class=\" elementor-element elementor-element-3d358b5 e-flex e-con-boxed e-con e-parent\" data-id=\"3d358b5\" data-element_type=\"container\">\r\n\t\t\t\t\t\t\t<div class=\"e-con-inner\">\r\n\t\t\t\t\t\t<div class=\"elementor-element elementor-element-0fb232c elementor-widget__width-inherit elementor-widget elementor-widget-elementify-jobs\" data-id=\"0fb232c\" data-element_type=\"widget\" data-widget_type=\"elementify-jobs.default\">\n\t\t\t\t<div class=\"elementor-widget-container\">\n\t\t\t\t\t\t\t\t<div class=\"container content-area\">\n\t\t\t\t<div class=\"job_listings\" data-location=\"\" data-keywords=\"\" data-show_filters=\"true\" data-show_pagination=\"false\" data-per_page=\"10\" data-orderby=\"featured\" data-order=\"DESC\" data-categories=\"\" data-disable-form-state-storage=\"\" data-featured_first=\"false\" data-post_id=\"8055\" >\n<form class=\"job_filters\">\n\t\n\t<div class=\"search_jobs\">\n\t\t\n\t\t<div class=\"search_keywords\">\n\t\t\t<label for=\"search_keywords\">Palavras-chave<\/label>\n\t\t\t<input type=\"text\" name=\"search_keywords\" id=\"search_keywords\" placeholder=\"Palavras-chave\" value=\"\" \/>\n\t\t<\/div>\n\n\t\t<div class=\"search_location\">\n\t\t\t<label for=\"search_location\">Localiza\u00e7\u00e3o<\/label>\n\t\t\t<input type=\"text\" name=\"search_location\" id=\"search_location\" placeholder=\"Localiza\u00e7\u00e3o\" value=\"\" \/>\n\t\t<\/div>\n\n\t\t\t\t\t<div class=\"search_remote_position\">\n\t\t\t\t<input type=\"checkbox\" class=\"input-checkbox\" name=\"remote_position\" id=\"remote_position\" placeholder=\"Localiza\u00e7\u00e3o\" value=\"1\"  \/>\n\t\t\t\t<label for=\"remote_position\" id=\"remote_position_label\">S\u00f3 vagas em Home Office<\/label>\n\t\t\t<\/div>\n\t\t\n\t\t<div style=\"clear: both\"><\/div>\n\n\t\t\n\t\t\t\t\t<div class=\"search_submit\">\n\t\t\t\t<input type=\"submit\" value=\"Buscar Vagas\">\n\t\t\t<\/div>\n\t\t\n\t\t\t<\/div>\n\n\t\t<ul class=\"job_types\">\n\t\t\t\t\t<li><label for=\"job_type_estagio\" class=\"estagio\"><input type=\"checkbox\" name=\"filter_job_type[]\" value=\"estagio\"  checked='checked' id=\"job_type_estagio\" \/> Est\u00e1gio<\/label><\/li>\n\t\t\t\t\t<li><label for=\"job_type_freelance\" class=\"freelance\"><input type=\"checkbox\" name=\"filter_job_type[]\" value=\"freelance\"  checked='checked' id=\"job_type_freelance\" \/> Freelance<\/label><\/li>\n\t\t\t\t\t<li><label for=\"job_type_vaga-clt\" class=\"vagas-clt\"><input type=\"checkbox\" name=\"filter_job_type[]\" value=\"vaga-clt\"  checked='checked' id=\"job_type_vaga-clt\" \/> Vagas CLT<\/label><\/li>\n\t\t\t\t\t<li><label for=\"job_type_vags-pj\" class=\"vagas-pj\"><input type=\"checkbox\" name=\"filter_job_type[]\" value=\"vags-pj\"  checked='checked' id=\"job_type_vags-pj\" \/> Vagas PJ<\/label><\/li>\n\t\t\t<\/ul>\n\t<input type=\"hidden\" name=\"filter_job_type[]\" value=\"\" \/>\n<div class=\"showing_jobs\"><\/div><\/form>\n\n\n<noscript>Seu navegador n\u00e3o suporta JavaScript ou est\u00e1 desativado. JavaScript deve estar habilitado para exibir an\u00fancios.<\/noscript>\n<ul class=\"job_listings\">\n<\/ul>\n<a class=\"load_more_jobs\" href=\"#\" style=\"display:none;\"><strong>Carregar mais an\u00fancios<\/strong><\/a><\/div>\t\t\t<\/div>\n\t\t\t\t\t\t<\/div>\n\t\t\t\t<\/div>\n\t\t\t\t\t\t<\/div>\r\n\t\t\t\t\r\n\t\t\t<\/div>\r\n\t\t\t\t\t<\/div>\n\t\t","protected":false},"excerpt":{"rendered":"<p>Palavras-chave Localiza\u00e7\u00e3o Remote positions only Freelance Full Time Internship Part Time Temporary Seu navegador n\u00e3o suporta JavaScript ou est\u00e1 desativado. JavaScript deve estar habilitado para exibir an\u00fancios. Carregar mais an\u00fancios<\/p>\n","protected":false},"author":1,"featured_media":0,"parent":0,"menu_order":0,"comment_status":"closed","ping_status":"closed","template":"elementor_theme","meta":{"_acf_changed":false,"footnotes":""},"class_list":["post-8055","page","type-page","status-publish","hentry"],"acf":[],"_links":{"self":[{"href":"https:\/\/projeto.corsites.com.br\/finance\/wp-json\/wp\/v2\/pages\/8055","targetHints":{"allow":["GET"]}}],"collection":[{"href":"https:\/\/projeto.corsites.com.br\/finance\/wp-json\/wp\/v2\/pages"}],"about":[{"href":"https:\/\/projeto.corsites.com.br\/finance\/wp-json\/wp\/v2\/types\/page"}],"author":[{"embeddable":true,"href":"https:\/\/projeto.corsites.com.br\/finance\/wp-json\/wp\/v2\/users\/1"}],"replies":[{"embeddable":true,"href":"https:\/\/projeto.corsites.com.br\/finance\/wp-json\/wp\/v2\/comments?post=8055"}],"version-history":[{"count":127,"href":"https:\/\/projeto.corsites.com.br\/finance\/wp-json\/wp\/v2\/pages\/8055\/revisions"}],"predecessor-version":[{"id":8294,"href":"https:\/\/projeto.corsites.com.br\/finance\/wp-json\/wp\/v2\/pages\/8055\/revisions\/8294"}],"wp:attachment":[{"href":"https:\/\/projeto.corsites.com.br\/finance\/wp-json\/wp\/v2\/media?parent=8055"}],"curies":[{"name":"wp","href":"https:\/\/api.w.org\/{rel}","templated":true}]}}