{"id":14,"date":"2021-09-26T05:41:21","date_gmt":"2021-09-26T05:41:21","guid":{"rendered":"https:\/\/d-themes.com\/wordpress\/udesign\/dummy\/clean-home\/?page_id=14"},"modified":"2025-08-04T15:38:30","modified_gmt":"2025-08-04T18:38:30","slug":"servicos","status":"publish","type":"page","link":"https:\/\/projeto.corsites.com.br\/finance\/servicos\/","title":{"rendered":"Nossos Servi\u00e7os"},"content":{"rendered":"\t\t<div data-elementor-type=\"wp-page\" data-elementor-id=\"14\" class=\"elementor elementor-14\" data-elementor-post-type=\"page\">\n\t\t\t\t\t\t<section class=\" elementor-section elementor-top-section elementor-element elementor-element-b5018c6 elementor-section-boxed elementor-section-height-default elementor-section-height-default smart-sticky-default\" data-id=\"b5018c6\" data-element_type=\"section\">\r\n\t\t\t\t\t\t\t\t<div class=\"elementor-container elementor-column-gap-default\">\r\n\t\t\t\t\r\n\t\t\t\t\t\t\t\t<div class=\" elementor-column elementor-col-100 elementor-top-column elementor-element elementor-element-2e670e3 \" data-id=\"2e670e3\" data-element_type=\"column\">\r\n\r\n\t\t\t\t\r\n\t\t\t\t<div class=\"elementor-widget-wrap elementor-element-populated\">\r\n\t\t\t\t\t\t\t\t\t\t\r\n\t\t\t\t\t\t<div class=\"elementor-element elementor-element-8d5b682 mt-8 elementor-invisible elementor-widget elementor-widget-heading\" data-id=\"8d5b682\" data-element_type=\"widget\" data-settings=\"{&quot;_animation&quot;:&quot;fadeIn&quot;}\" data-widget_type=\"heading.default\">\n\t\t\t\t<div class=\"elementor-widget-container\">\n\t\t\t\t\t<h2 class=\"elementor-heading-title elementor-size-default\">Conhe\u00e7a nossos Servi\u00e7os<\/h2>\t\t\t\t<\/div>\n\t\t\t\t<\/div>\n\t\t\t\t<div class=\"elementor-element elementor-element-56bc41e ms-auto me-auto elementor-widget__width-initial elementor-invisible elementor-widget elementor-widget-heading\" data-id=\"56bc41e\" data-element_type=\"widget\" data-settings=\"{&quot;_animation&quot;:&quot;fadeIn&quot;,&quot;_animation_delay&quot;:400}\" data-widget_type=\"heading.default\">\n\t\t\t\t<div class=\"elementor-widget-container\">\n\t\t\t\t\t<p class=\"elementor-heading-title elementor-size-default\">H\u00e1 mais de 15 anos, constru\u00edmos uma reputa\u00e7\u00e3o s\u00f3lida em qualidade e atendimento personalizado<\/p>\t\t\t\t<\/div>\n\t\t\t\t<\/div>\n\t\t\t\t\t\t<\/div>\r\n\t\t\t\t<\/div>\r\n\t\t\t\t\t\t\t\t<\/div>\r\n\t\t\t<\/section>\r\n\t\t\t\t\t<div class=\" elementor-section elementor-top-section elementor-element elementor-element-7f76190 custom-layout mb-9 mb-lg-10 elementor-section-boxed elementor-section-height-default elementor-section-height-default smart-sticky-default\" data-id=\"7f76190\" data-element_type=\"section\">\r\n\t\t\t\t\t\t\t\t<div class=\"elementor-container elementor-column-gap-no\">\r\n\t\t\t\t\r\n\t\t\t\t\t\t\t\t<div class=\" elementor-column elementor-col-100 elementor-top-column elementor-element elementor-element-06fef0d \" data-id=\"06fef0d\" data-element_type=\"column\">\r\n\r\n\t\t\t\t\r\n\t\t\t\t<div class=\"elementor-widget-wrap elementor-element-populated\">\r\n\t\t\t\t\t\t\t\t\t\t\r\n\t\t\t\t\t\t<div class=\"elementor-element elementor-element-d929c54 elementor-invisible elementor-widget elementor-widget-udesign_widget_imagebox\" data-id=\"d929c54\" data-element_type=\"widget\" data-settings=\"{&quot;_animation&quot;:&quot;fadeIn&quot;,&quot;_animation_delay&quot;:600}\" data-widget_type=\"udesign_widget_imagebox.default\">\n\t\t\t\t<div class=\"elementor-widget-container\">\n\t\t\t\t\t<div class=\"image-box image-box-popup\"><figure class=\"has-link\"><img fetchpriority=\"high\" decoding=\"async\" width=\"1024\" height=\"1024\" src=\"https:\/\/projeto.corsites.com.br\/finance\/wp-content\/uploads\/2025\/08\/alocacao-1.png\" class=\"attachment-full size-full wp-image-7468\" alt=\"\" srcset=\"https:\/\/projeto.corsites.com.br\/finance\/wp-content\/uploads\/2025\/08\/alocacao-1.png 1024w, https:\/\/projeto.corsites.com.br\/finance\/wp-content\/uploads\/2025\/08\/alocacao-1-768x768.png 768w\" sizes=\"(max-width: 1024px) 100vw, 1024px\" \/><a href=\"https:\/\/projeto.corsites.com.br\/finance\/alocacao-inteligente\" aria-label=\"Image\"><\/a><\/figure><div class=\"image-box-content\"><h3 class=\"title\"><a href=\"https:\/\/projeto.corsites.com.br\/finance\/alocacao-inteligente\" aria-label=\"Image\">Aloca\u00e7\u00e3o Inteligente<\/a><\/h3><a class=\"btn btn-link btn-underline sm btn-md\" href=\"https:\/\/projeto.corsites.com.br\/finance\/alocacao-inteligente\" ><span >Detalhes<\/span><\/a><\/div><\/div>\t\t\t\t<\/div>\n\t\t\t\t<\/div>\n\t\t\t\t<div class=\"elementor-element elementor-element-92db2ad elementor-invisible elementor-widget elementor-widget-udesign_widget_imagebox\" data-id=\"92db2ad\" data-element_type=\"widget\" data-settings=\"{&quot;_animation&quot;:&quot;fadeIn&quot;,&quot;_animation_delay&quot;:700}\" data-widget_type=\"udesign_widget_imagebox.default\">\n\t\t\t\t<div class=\"elementor-widget-container\">\n\t\t\t\t\t<div class=\"image-box image-box-popup\"><figure class=\"has-link\"><img decoding=\"async\" width=\"1024\" height=\"1024\" src=\"https:\/\/projeto.corsites.com.br\/finance\/wp-content\/uploads\/2025\/08\/hunting-1.png\" class=\"attachment-full size-full wp-image-7471\" alt=\"\" srcset=\"https:\/\/projeto.corsites.com.br\/finance\/wp-content\/uploads\/2025\/08\/hunting-1.png 1024w, https:\/\/projeto.corsites.com.br\/finance\/wp-content\/uploads\/2025\/08\/hunting-1-768x768.png 768w\" sizes=\"(max-width: 1024px) 100vw, 1024px\" \/><a href=\"https:\/\/projeto.corsites.com.br\/finance\/hunting-especializado\" aria-label=\"Image\"><\/a><\/figure><div class=\"image-box-content\"><h3 class=\"title\"><a href=\"https:\/\/projeto.corsites.com.br\/finance\/hunting-especializado\" aria-label=\"Image\">Hunting Especializado<\/a><\/h3><a class=\"btn btn-link btn-underline sm btn-md\" href=\"https:\/\/projeto.corsites.com.br\/finance\/hunting-especializado\" ><span >+ Detalhes<\/span><\/a><\/div><\/div>\t\t\t\t<\/div>\n\t\t\t\t<\/div>\n\t\t\t\t<div class=\"elementor-element elementor-element-b8ebf6b elementor-invisible elementor-widget elementor-widget-udesign_widget_imagebox\" data-id=\"b8ebf6b\" data-element_type=\"widget\" data-settings=\"{&quot;_animation&quot;:&quot;fadeIn&quot;,&quot;_animation_delay&quot;:800}\" data-widget_type=\"udesign_widget_imagebox.default\">\n\t\t\t\t<div class=\"elementor-widget-container\">\n\t\t\t\t\t<div class=\"image-box image-box-popup\"><figure class=\"has-link\"><img decoding=\"async\" width=\"1024\" height=\"1024\" src=\"https:\/\/projeto.corsites.com.br\/finance\/wp-content\/uploads\/2025\/08\/gestao-1.png\" class=\"attachment-full size-full wp-image-7470\" alt=\"\" srcset=\"https:\/\/projeto.corsites.com.br\/finance\/wp-content\/uploads\/2025\/08\/gestao-1.png 1024w, https:\/\/projeto.corsites.com.br\/finance\/wp-content\/uploads\/2025\/08\/gestao-1-768x768.png 768w\" sizes=\"(max-width: 1024px) 100vw, 1024px\" \/><a href=\"https:\/\/projeto.corsites.com.br\/finance\/outsourcing\" aria-label=\"Image\"><\/a><\/figure><div class=\"image-box-content\"><h3 class=\"title\"><a href=\"https:\/\/projeto.corsites.com.br\/finance\/outsourcing\" aria-label=\"Image\">Outsourcing (RPO)<\/a><\/h3><a class=\"btn btn-link btn-underline sm btn-md\" href=\"https:\/\/projeto.corsites.com.br\/finance\/outsourcing\" ><span >+ detalhes<\/span><\/a><\/div><\/div>\t\t\t\t<\/div>\n\t\t\t\t<\/div>\n\t\t\t\t<div class=\"elementor-element elementor-element-5da8e3f elementor-invisible elementor-widget elementor-widget-udesign_widget_imagebox\" data-id=\"5da8e3f\" data-element_type=\"widget\" data-settings=\"{&quot;_animation&quot;:&quot;fadeIn&quot;,&quot;_animation_delay&quot;:900}\" data-widget_type=\"udesign_widget_imagebox.default\">\n\t\t\t\t<div class=\"elementor-widget-container\">\n\t\t\t\t\t<div class=\"image-box image-box-popup\"><figure class=\"has-link\"><img loading=\"lazy\" decoding=\"async\" width=\"1024\" height=\"1024\" src=\"https:\/\/projeto.corsites.com.br\/finance\/wp-content\/uploads\/2025\/08\/fiscal-1.png\" class=\"attachment-full size-full wp-image-7469\" alt=\"\" srcset=\"https:\/\/projeto.corsites.com.br\/finance\/wp-content\/uploads\/2025\/08\/fiscal-1.png 1024w, https:\/\/projeto.corsites.com.br\/finance\/wp-content\/uploads\/2025\/08\/fiscal-1-768x768.png 768w\" sizes=\"(max-width: 1024px) 100vw, 1024px\" \/><a href=\"https:\/\/projeto.corsites.com.br\/finance\/servicos\/consultoria-em-rh\/\" aria-label=\"Image\"><\/a><\/figure><div class=\"image-box-content\"><h3 class=\"title\"><a href=\"https:\/\/projeto.corsites.com.br\/finance\/servicos\/consultoria-em-rh\/\" aria-label=\"Image\">Consultoria em RH<\/a><\/h3><a class=\"btn btn-link btn-underline sm btn-md\" href=\"https:\/\/projeto.corsites.com.br\/finance\/servicos\/consultoria-em-rh\/\" ><span >+ detalhes<\/span><\/a><\/div><\/div>\t\t\t\t<\/div>\n\t\t\t\t<\/div>\n\t\t\t\t<div class=\"elementor-element elementor-element-0b3aa47 elementor-invisible elementor-widget elementor-widget-udesign_widget_imagebox\" data-id=\"0b3aa47\" data-element_type=\"widget\" data-settings=\"{&quot;_animation&quot;:&quot;fadeIn&quot;,&quot;_animation_delay&quot;:1000}\" data-widget_type=\"udesign_widget_imagebox.default\">\n\t\t\t\t<div class=\"elementor-widget-container\">\n\t\t\t\t\t<div class=\"image-box image-box-popup\"><figure class=\"has-link\"><img loading=\"lazy\" decoding=\"async\" width=\"1024\" height=\"1024\" src=\"https:\/\/projeto.corsites.com.br\/finance\/wp-content\/uploads\/2025\/08\/resultados.png\" class=\"attachment-full size-full wp-image-7707\" alt=\"\" srcset=\"https:\/\/projeto.corsites.com.br\/finance\/wp-content\/uploads\/2025\/08\/resultados.png 1024w, https:\/\/projeto.corsites.com.br\/finance\/wp-content\/uploads\/2025\/08\/resultados-768x768.png 768w\" sizes=\"(max-width: 1024px) 100vw, 1024px\" \/><a href=\"https:\/\/projeto.corsites.com.br\/finance\/gestao-resultados\" aria-label=\"Image\"><\/a><\/figure><div class=\"image-box-content\"><h3 class=\"title\"><a href=\"https:\/\/projeto.corsites.com.br\/finance\/gestao-resultados\" aria-label=\"Image\">Gest\u00e3o de Resultados<\/a><\/h3><a class=\"btn btn-link btn-underline sm btn-md\" href=\"https:\/\/projeto.corsites.com.br\/finance\/gestao-resultados\" ><span >+ detalhes<\/span><\/a><\/div><\/div>\t\t\t\t<\/div>\n\t\t\t\t<\/div>\n\t\t\t\t<div class=\"elementor-element elementor-element-4827645 elementor-invisible elementor-widget elementor-widget-udesign_widget_imagebox\" data-id=\"4827645\" data-element_type=\"widget\" data-settings=\"{&quot;_animation&quot;:&quot;fadeIn&quot;,&quot;_animation_delay&quot;:1000}\" data-widget_type=\"udesign_widget_imagebox.default\">\n\t\t\t\t<div class=\"elementor-widget-container\">\n\t\t\t\t\t<div class=\"image-box image-box-popup\"><figure class=\"has-link\"><img loading=\"lazy\" decoding=\"async\" width=\"1024\" height=\"1024\" src=\"https:\/\/projeto.corsites.com.br\/finance\/wp-content\/uploads\/2025\/08\/resultados.png\" class=\"attachment-full size-full wp-image-7707\" alt=\"\" srcset=\"https:\/\/projeto.corsites.com.br\/finance\/wp-content\/uploads\/2025\/08\/resultados.png 1024w, https:\/\/projeto.corsites.com.br\/finance\/wp-content\/uploads\/2025\/08\/resultados-768x768.png 768w\" sizes=\"(max-width: 1024px) 100vw, 1024px\" \/><a href=\"https:\/\/projeto.corsites.com.br\/finance\/servicos\/gestao-estrategica\" aria-label=\"Image\"><\/a><\/figure><div class=\"image-box-content\"><h3 class=\"title\"><a href=\"https:\/\/projeto.corsites.com.br\/finance\/servicos\/gestao-estrategica\" aria-label=\"Image\">Gest\u00e3o Estrat\u00e9gica<\/a><\/h3><a class=\"btn btn-link btn-underline sm btn-md\" href=\"https:\/\/projeto.corsites.com.br\/finance\/servicos\/gestao-estrategica\" ><span >+ detalhes<\/span><\/a><\/div><\/div>\t\t\t\t<\/div>\n\t\t\t\t<\/div>\n\t\t\t\t\t\t<\/div>\r\n\t\t\t\t<\/div>\r\n\t\t\t\t\t\t\t\t<\/div>\r\n\t\t\t<\/div>\r\n\t\t\t\t\t<\/div>\n\t\t","protected":false},"excerpt":{"rendered":"<p>Conhe\u00e7a nossos Servi\u00e7os H\u00e1 mais de 15 anos, constru\u00edmos uma reputa\u00e7\u00e3o s\u00f3lida em qualidade e atendimento personalizado Aloca\u00e7\u00e3o Inteligente Detalhes Hunting Especializado + Detalhes Outsourcing (RPO) + detalhes Consultoria em RH + detalhes Gest\u00e3o de Resultados + detalhes Gest\u00e3o Estrat\u00e9gica + detalhes<\/p>\n","protected":false},"author":1,"featured_media":0,"parent":0,"menu_order":0,"comment_status":"closed","ping_status":"closed","template":"","meta":{"_acf_changed":false,"footnotes":""},"class_list":["post-14","page","type-page","status-publish","hentry"],"acf":[],"_links":{"self":[{"href":"https:\/\/projeto.corsites.com.br\/finance\/wp-json\/wp\/v2\/pages\/14","targetHints":{"allow":["GET"]}}],"collection":[{"href":"https:\/\/projeto.corsites.com.br\/finance\/wp-json\/wp\/v2\/pages"}],"about":[{"href":"https:\/\/projeto.corsites.com.br\/finance\/wp-json\/wp\/v2\/types\/page"}],"author":[{"embeddable":true,"href":"https:\/\/projeto.corsites.com.br\/finance\/wp-json\/wp\/v2\/users\/1"}],"replies":[{"embeddable":true,"href":"https:\/\/projeto.corsites.com.br\/finance\/wp-json\/wp\/v2\/comments?post=14"}],"version-history":[{"count":65,"href":"https:\/\/projeto.corsites.com.br\/finance\/wp-json\/wp\/v2\/pages\/14\/revisions"}],"predecessor-version":[{"id":8024,"href":"https:\/\/projeto.corsites.com.br\/finance\/wp-json\/wp\/v2\/pages\/14\/revisions\/8024"}],"wp:attachment":[{"href":"https:\/\/projeto.corsites.com.br\/finance\/wp-json\/wp\/v2\/media?parent=14"}],"curies":[{"name":"wp","href":"https:\/\/api.w.org\/{rel}","templated":true}]}}