{"id":1109,"date":"2021-09-29T20:57:17","date_gmt":"2021-09-29T20:57:17","guid":{"rendered":"https:\/\/d-themes.com\/wordpress\/udesign\/dummy\/clean-home\/?page_id=1109"},"modified":"2025-08-02T15:18:43","modified_gmt":"2025-08-02T18:18:43","slug":"alocacao-inteligente","status":"publish","type":"page","link":"https:\/\/projeto.corsites.com.br\/finance\/servicos\/alocacao-inteligente\/","title":{"rendered":"Aloca\u00e7\u00e3o Inteligente"},"content":{"rendered":"\t\t<div data-elementor-type=\"wp-page\" data-elementor-id=\"1109\" class=\"elementor elementor-1109\" data-elementor-post-type=\"page\">\n\t\t\t\t\t\t<div class=\" elementor-section elementor-top-section elementor-element elementor-element-677bcbb elementor-section-boxed elementor-section-height-default elementor-section-height-default smart-sticky-default elementor-invisible\" data-id=\"677bcbb\" data-element_type=\"section\" data-settings=\"{&quot;animation&quot;:&quot;fadeIn&quot;}\">\r\n\t\t\t\t\t\t\t\t<div class=\"elementor-container elementor-column-gap-default\">\r\n\t\t\t\t\r\n\t\t\t\t\t\t\t\t<div class=\" elementor-column elementor-col-100 elementor-top-column elementor-element elementor-element-72c36b7 \" data-id=\"72c36b7\" data-element_type=\"column\">\r\n\r\n\t\t\t\t\r\n\t\t\t\t<div class=\"elementor-widget-wrap elementor-element-populated\">\r\n\t\t\t\t\t\t\t\t\t\t\r\n\t\t\t\t\t\t<div class=\"elementor-element elementor-element-9c38bd1 elementor-widget elementor-widget-heading\" data-id=\"9c38bd1\" data-element_type=\"widget\" data-widget_type=\"heading.default\">\n\t\t\t\t<div class=\"elementor-widget-container\">\n\t\t\t\t\t<h2 class=\"elementor-heading-title elementor-size-default\">Agilidade, precis\u00e3o t\u00e9cnica e gest\u00e3o cont\u00ednua para gerar alto impacto nos seus projetos de Tecnologia da Informa\u00e7\u00e3o.<\/h2>\t\t\t\t<\/div>\n\t\t\t\t<\/div>\n\t\t\t\t<div class=\"elementor-element elementor-element-4641d35 elementor-widget elementor-widget-heading\" data-id=\"4641d35\" data-element_type=\"widget\" data-widget_type=\"heading.default\">\n\t\t\t\t<div class=\"elementor-widget-container\">\n\t\t\t\t\t<p class=\"elementor-heading-title elementor-size-default\">Empresas que querem avan\u00e7ar com tecnologia n\u00e3o podem perder tempo com processos lentos ou contrata\u00e7\u00f5es imprecisas.\nNa FinanceIT, atuamos como parceiro estrat\u00e9gico para identificar, alocar e acompanhar profissionais de TI com agilidade, alinhamento t\u00e9cnico e vis\u00e3o de resultado.<br>Oferecemos desde a aloca\u00e7\u00e3o pontual de especialistas at\u00e9 a forma\u00e7\u00e3o completa de Squads multidisciplinares,  com ou sem gest\u00e3o dedicada,  sempre adaptando o modelo \u00e0 realidade e ao momento do seu neg\u00f3cio.<\/p>\t\t\t\t<\/div>\n\t\t\t\t<\/div>\n\t\t\t\t\t\t<\/div>\r\n\t\t\t\t<\/div>\r\n\t\t\t\t\t\t\t\t<\/div>\r\n\t\t\t<\/div>\r\n\t\t\t\t\t<div class=\" elementor-section elementor-top-section elementor-element elementor-element-bff053e elementor-section-content-middle elementor-section-boxed elementor-section-height-default elementor-section-height-default smart-sticky-default\" data-id=\"bff053e\" data-element_type=\"section\">\r\n\t\t\t\t\t\t\t\t<div class=\"elementor-container elementor-column-gap-default\">\r\n\t\t\t\t\r\n\t\t\t\t\t\t\t\t<div class=\" elementor-column elementor-col-50 elementor-top-column elementor-element elementor-element-f37ce68 \" data-id=\"f37ce68\" data-element_type=\"column\">\r\n\r\n\t\t\t\t\r\n\t\t\t\t<div class=\"elementor-widget-wrap elementor-element-populated\">\r\n\t\t\t\t\t\t\t\t\t\t\r\n\t\t\t\t\t\t<div class=\"elementor-element elementor-element-2444c2d elementor-invisible elementor-widget elementor-widget-image\" data-id=\"2444c2d\" data-element_type=\"widget\" data-settings=\"{&quot;_animation&quot;:&quot;fadeIn&quot;}\" data-widget_type=\"image.default\">\n\t\t\t\t<div class=\"elementor-widget-container\">\n\t\t\t\t\t\t\t\t\t\t\t\t\t\t\t<img fetchpriority=\"high\" decoding=\"async\" width=\"390\" height=\"360\" src=\"https:\/\/projeto.corsites.com.br\/finance\/wp-content\/uploads\/2025\/08\/alocacao-1-1.png\" class=\"attachment-full size-full wp-image-7642\" alt=\"\" \/>\t\t\t\t\t\t\t\t\t\t\t\t\t\t\t<\/div>\n\t\t\t\t<\/div>\n\t\t\t\t\t\t<\/div>\r\n\t\t\t\t<\/div>\r\n\t\t\t\t\t\t\t\t\t<div class=\" elementor-column elementor-col-50 elementor-top-column elementor-element elementor-element-c70ddc2 \" data-id=\"c70ddc2\" data-element_type=\"column\">\r\n\r\n\t\t\t\t\r\n\t\t\t\t<div class=\"elementor-widget-wrap elementor-element-populated\">\r\n\t\t\t\t\t\t\t\t\t\t\r\n\t\t\t\t\t\t<div class=\"elementor-element elementor-element-17a84fe elementor-invisible elementor-widget elementor-widget-heading\" data-id=\"17a84fe\" data-element_type=\"widget\" data-settings=\"{&quot;_animation&quot;:&quot;fadeInRightShorter&quot;}\" data-widget_type=\"heading.default\">\n\t\t\t\t<div class=\"elementor-widget-container\">\n\t\t\t\t\t<h3 class=\"elementor-heading-title elementor-size-default\">Diferenciais FinanceIT<\/h3>\t\t\t\t<\/div>\n\t\t\t\t<\/div>\n\t\t\t\t<div class=\"elementor-element elementor-element-85e126a custom-list elementor-icon-list--layout-traditional elementor-invisible elementor-widget elementor-widget-udesign_widget_iconlist\" data-id=\"85e126a\" data-element_type=\"widget\" data-settings=\"{&quot;_animation&quot;:&quot;fadeInRightShorter&quot;}\" data-widget_type=\"udesign_widget_iconlist.default\">\n\t\t\t\t<div class=\"elementor-widget-container\">\n\t\t\t\t\t<ul class=\"elementor-icon-list-items\">\r\n\t\t\t<li class=\"elementor-icon-list-item elementor-repeater-item-01f1ce1\">\r\n\t\t\t\t\t\t\t<span class=\"elementor-icon-list-icon\">\r\n\t\t\t\t<svg aria-hidden=\"true\" class=\"e-font-icon-svg e-fas-check\" viewBox=\"0 0 512 512\" xmlns=\"http:\/\/www.w3.org\/2000\/svg\"><path d=\"M173.898 439.404l-166.4-166.4c-9.997-9.997-9.997-26.206 0-36.204l36.203-36.204c9.997-9.998 26.207-9.998 36.204 0L192 312.69 432.095 72.596c9.997-9.997 26.207-9.997 36.204 0l36.203 36.204c9.997 9.997 9.997 26.206 0 36.204l-294.4 294.401c-9.998 9.997-26.207 9.997-36.204-.001z\"><\/path><\/svg>\t\t\t\t<\/span>\r\n\t\t\t\t\t\t<span class=\"elementor-icon-list-text\">Cobertura completa de perfis \u2013 Desde analistas operacionais at\u00e9 especialistas s\u00eaniores e lideran\u00e7as.<\/span>\r\n\t\t\t\t\t\t\t\t<\/li>\r\n\t\t\t\t<li class=\"elementor-icon-list-item elementor-repeater-item-05b94bd\">\r\n\t\t\t\t\t\t\t<span class=\"elementor-icon-list-icon\">\r\n\t\t\t\t<svg aria-hidden=\"true\" class=\"e-font-icon-svg e-fas-check\" viewBox=\"0 0 512 512\" xmlns=\"http:\/\/www.w3.org\/2000\/svg\"><path d=\"M173.898 439.404l-166.4-166.4c-9.997-9.997-9.997-26.206 0-36.204l36.203-36.204c9.997-9.998 26.207-9.998 36.204 0L192 312.69 432.095 72.596c9.997-9.997 26.207-9.997 36.204 0l36.203 36.204c9.997 9.997 9.997 26.206 0 36.204l-294.4 294.401c-9.998 9.997-26.207 9.997-36.204-.001z\"><\/path><\/svg>\t\t\t\t<\/span>\r\n\t\t\t\t\t\t<span class=\"elementor-icon-list-text\">Modelo flex\u00edvel de contrata\u00e7\u00e3o \u2013 Colaborador direto da FinanceIT ou modelo RPO (in house).<\/span>\r\n\t\t\t\t\t\t\t\t<\/li>\r\n\t\t\t\t<li class=\"elementor-icon-list-item elementor-repeater-item-3caf556\">\r\n\t\t\t\t\t\t\t<span class=\"elementor-icon-list-icon\">\r\n\t\t\t\t<svg aria-hidden=\"true\" class=\"e-font-icon-svg e-fas-check\" viewBox=\"0 0 512 512\" xmlns=\"http:\/\/www.w3.org\/2000\/svg\"><path d=\"M173.898 439.404l-166.4-166.4c-9.997-9.997-9.997-26.206 0-36.204l36.203-36.204c9.997-9.998 26.207-9.998 36.204 0L192 312.69 432.095 72.596c9.997-9.997 26.207-9.997 36.204 0l36.203 36.204c9.997 9.997 9.997 26.206 0 36.204l-294.4 294.401c-9.998 9.997-26.207 9.997-36.204-.001z\"><\/path><\/svg>\t\t\t\t<\/span>\r\n\t\t\t\t\t\t<span class=\"elementor-icon-list-text\">Entrega individual ou Squads completos \u2013 Com possibilidade de gest\u00e3o dedicada.<\/span>\r\n\t\t\t\t\t\t\t\t<\/li>\r\n\t\t\t\t<li class=\"elementor-icon-list-item elementor-repeater-item-b6a5b07\">\r\n\t\t\t\t\t\t\t<span class=\"elementor-icon-list-icon\">\r\n\t\t\t\t<svg aria-hidden=\"true\" class=\"e-font-icon-svg e-fas-check\" viewBox=\"0 0 512 512\" xmlns=\"http:\/\/www.w3.org\/2000\/svg\"><path d=\"M173.898 439.404l-166.4-166.4c-9.997-9.997-9.997-26.206 0-36.204l36.203-36.204c9.997-9.998 26.207-9.998 36.204 0L192 312.69 432.095 72.596c9.997-9.997 26.207-9.997 36.204 0l36.203 36.204c9.997 9.997 9.997 26.206 0 36.204l-294.4 294.401c-9.998 9.997-26.207 9.997-36.204-.001z\"><\/path><\/svg>\t\t\t\t<\/span>\r\n\t\t\t\t\t\t<span class=\"elementor-icon-list-text\">Gest\u00e3o por SLA \u2013 Foco em resultado, com indicadores claros de entrega e performance.<\/span>\r\n\t\t\t\t\t\t\t\t<\/li>\r\n\t\t\t\t<li class=\"elementor-icon-list-item elementor-repeater-item-704c7d1\">\r\n\t\t\t\t\t\t\t<span class=\"elementor-icon-list-icon\">\r\n\t\t\t\t<svg aria-hidden=\"true\" class=\"e-font-icon-svg e-fas-check\" viewBox=\"0 0 512 512\" xmlns=\"http:\/\/www.w3.org\/2000\/svg\"><path d=\"M173.898 439.404l-166.4-166.4c-9.997-9.997-9.997-26.206 0-36.204l36.203-36.204c9.997-9.998 26.207-9.998 36.204 0L192 312.69 432.095 72.596c9.997-9.997 26.207-9.997 36.204 0l36.203 36.204c9.997 9.997 9.997 26.206 0 36.204l-294.4 294.401c-9.998 9.997-26.207 9.997-36.204-.001z\"><\/path><\/svg>\t\t\t\t<\/span>\r\n\t\t\t\t\t\t<span class=\"elementor-icon-list-text\">Acompanhamento ativo \u2013 Rela\u00e7\u00e3o pr\u00f3xima com gestores, RH e profissionais alocados.<\/span>\r\n\t\t\t\t\t\t\t\t<\/li>\r\n\t\t<\/ul>\r\n\t\t\t\t<\/div>\n\t\t\t\t<\/div>\n\t\t\t\t\t\t<\/div>\r\n\t\t\t\t<\/div>\r\n\t\t\t\t\t\t\t\t<\/div>\r\n\t\t\t<\/div>\r\n\t\t\t\t\t<div class=\" elementor-section elementor-top-section elementor-element elementor-element-abd8eb1 elementor-section-boxed elementor-section-height-default elementor-section-height-default smart-sticky-default elementor-invisible\" data-id=\"abd8eb1\" data-element_type=\"section\" data-settings=\"{&quot;animation&quot;:&quot;fadeIn&quot;}\">\r\n\t\t\t\t\t\t\t\t<div class=\"elementor-container elementor-column-gap-default\">\r\n\t\t\t\t\r\n\t\t\t\t\t\t\t\t<div class=\" elementor-column elementor-col-100 elementor-top-column elementor-element elementor-element-23a5ef3 \" data-id=\"23a5ef3\" data-element_type=\"column\">\r\n\r\n\t\t\t\t\r\n\t\t\t\t<div class=\"elementor-widget-wrap elementor-element-populated\">\r\n\t\t\t\t\t\t\t\t\t\t\r\n\t\t\t\t\t\t<div class=\"elementor-element elementor-element-22e7655 elementor-widget elementor-widget-heading\" data-id=\"22e7655\" data-element_type=\"widget\" data-settings=\"{&quot;_animation&quot;:&quot;none&quot;}\" data-widget_type=\"heading.default\">\n\t\t\t\t<div class=\"elementor-widget-container\">\n\t\t\t\t\t<h3 class=\"elementor-heading-title elementor-size-default\">Nossa abordagem<\/h3>\t\t\t\t<\/div>\n\t\t\t\t<\/div>\n\t\t\t\t<div class=\"elementor-element elementor-element-6c83fec elementor-widget elementor-widget-heading\" data-id=\"6c83fec\" data-element_type=\"widget\" data-widget_type=\"heading.default\">\n\t\t\t\t<div class=\"elementor-widget-container\">\n\t\t\t\t\t<h2 class=\"elementor-heading-title elementor-size-default\">Da necessidade pontual \u00e0 entrega de valor cont\u00ednuo<\/h2>\t\t\t\t<\/div>\n\t\t\t\t<\/div>\n\t\t\t\t<div class=\"elementor-element elementor-element-2dae0a5 elementor-widget elementor-widget-heading\" data-id=\"2dae0a5\" data-element_type=\"widget\" data-widget_type=\"heading.default\">\n\t\t\t\t<div class=\"elementor-widget-container\">\n\t\t\t\t\t<p class=\"elementor-heading-title elementor-size-default\">Cada aloca\u00e7\u00e3o come\u00e7a com um entendimento profundo do desafio do cliente, considerando n\u00e3o apenas as compet\u00eancias t\u00e9cnicas exigidas, mas tamb\u00e9m o contexto organizacional, a cultura do time e o n\u00edvel de maturidade digital. Com base nisso, ativamos nosso banco de talentos e time de recrutamento t\u00e9cnico para entregar rapidamente profissionais prontos para contribuir, com foco em performance desde o primeiro dia.<\/p>\t\t\t\t<\/div>\n\t\t\t\t<\/div>\n\t\t\t\t<div class=\"elementor-element elementor-element-ae057de elementor-widget elementor-widget-udesign_widget_imagegallery\" data-id=\"ae057de\" data-element_type=\"widget\" data-widget_type=\"udesign_widget_imagegallery.default\">\n\t\t\t\t<div class=\"elementor-widget-container\">\n\t\t\t\t\t\r\n<ul class=\"image-gallery row cols-lg-2 cols-md-2 cols-sm-2 cols-1\">\r\n\t<li class=\"\">\t\t<div class=\"image-gallery-item\">\r\n\t\t\t\t<figure class=\"grid-item image-wrap\">\r\n\t\t\t<img decoding=\"async\" width=\"390\" height=\"360\" src=\"https:\/\/projeto.corsites.com.br\/finance\/wp-content\/uploads\/2025\/08\/alocacao-2-2.png\" class=\"attachment-full size-full\" alt=\"\" \/>\t\t<\/figure>\r\n\t\t<\/div>\r\n\t\t<\/li><li class=\"\">\t\t<div class=\"image-gallery-item\">\r\n\t\t\t\t<figure class=\"grid-item image-wrap\">\r\n\t\t\t<img decoding=\"async\" width=\"390\" height=\"360\" src=\"https:\/\/projeto.corsites.com.br\/finance\/wp-content\/uploads\/2025\/08\/alocacao-3-1.png\" class=\"attachment-full size-full\" alt=\"\" \/>\t\t<\/figure>\r\n\t\t<\/div>\r\n\t\t<\/li><\/ul>\r\n\r\n\t\t\t\t\t<\/div>\n\t\t\t\t<\/div>\n\t\t\t\t\t\t<\/div>\r\n\t\t\t\t<\/div>\r\n\t\t\t\t\t\t\t\t<\/div>\r\n\t\t\t<\/div>\r\n\t\t\t\t\t\t<div class=\" elementor-element elementor-element-56a1a67 e-flex e-con-boxed e-con e-parent\" data-id=\"56a1a67\" data-element_type=\"container\">\r\n\t\t\t\t\t\t\t<div class=\"e-con-inner\">\r\n\t\t\t\t\t\t<div class=\"elementor-element elementor-element-55a6d8a elementor-widget elementor-widget-heading\" data-id=\"55a6d8a\" data-element_type=\"widget\" data-settings=\"{&quot;_animation&quot;:&quot;none&quot;}\" data-widget_type=\"heading.default\">\n\t\t\t\t<div class=\"elementor-widget-container\">\n\t\t\t\t\t<h3 class=\"elementor-heading-title elementor-size-default\">Jornada do Cliente<\/h3>\t\t\t\t<\/div>\n\t\t\t\t<\/div>\n\t\t\t\t<div class=\"elementor-element elementor-element-2673c6a elementor-widget elementor-widget-heading\" data-id=\"2673c6a\" data-element_type=\"widget\" data-widget_type=\"heading.default\">\n\t\t\t\t<div class=\"elementor-widget-container\">\n\t\t\t\t\t<h2 class=\"elementor-heading-title elementor-size-default\">Uma jornada transparente, \u00e1gil e centrada em resultado.<\/h2>\t\t\t\t<\/div>\n\t\t\t\t<\/div>\n\t\t\t\t<div class=\"elementor-element elementor-element-3b3a01b elementor-widget elementor-widget-udesign_widget_timeline\" data-id=\"3b3a01b\" data-element_type=\"widget\" data-widget_type=\"udesign_widget_timeline.default\">\n\t\t\t\t<div class=\"elementor-widget-container\">\n\t\t\t\t\t<div class=\"timeline timeline-vertical timeline-h-align-center timeline-v-align-middle\"><div class=\"timeline-line\"><div class=\"timeline-progress\"><\/div><\/div><div class=\"timeline-list\"><div class=\"timeline-item\"><div class=\"timeline-content\"><figure class=\"timeline-media timeline-lg-none\"><img loading=\"lazy\" decoding=\"async\" width=\"1024\" height=\"1024\" src=\"https:\/\/projeto.corsites.com.br\/finance\/wp-content\/uploads\/2025\/08\/processo-p1.png\" class=\"attachment-large size-large wp-image-7661\" alt=\"\" srcset=\"https:\/\/projeto.corsites.com.br\/finance\/wp-content\/uploads\/2025\/08\/processo-p1.png 1024w, https:\/\/projeto.corsites.com.br\/finance\/wp-content\/uploads\/2025\/08\/processo-p1-768x768.png 768w\" sizes=\"(max-width: 1024px) 100vw, 1024px\" \/><\/figure><h4 class=\"timeline-title\">Identifica\u00e7\u00e3o da necessidade<\/h4><div class=\"timeline-meta\">Etapa 1<\/div><p class=\"timeline-desc\">An\u00e1lise do contexto do projeto, tecnologias envolvidas, prazos e expectativas.<\/p><\/div><div class=\"timeline-point\">1<\/div><div class=\"timeline-meta-wrap\"><figure class=\"timeline-media\"><img loading=\"lazy\" decoding=\"async\" width=\"1024\" height=\"1024\" src=\"https:\/\/projeto.corsites.com.br\/finance\/wp-content\/uploads\/2025\/08\/processo-p1.png\" class=\"attachment-large size-large wp-image-7661\" alt=\"\" srcset=\"https:\/\/projeto.corsites.com.br\/finance\/wp-content\/uploads\/2025\/08\/processo-p1.png 1024w, https:\/\/projeto.corsites.com.br\/finance\/wp-content\/uploads\/2025\/08\/processo-p1-768x768.png 768w\" sizes=\"(max-width: 1024px) 100vw, 1024px\" \/><\/figure><\/div><\/div><div class=\"timeline-item\"><div class=\"timeline-content\"><figure class=\"timeline-media timeline-lg-none\"><img loading=\"lazy\" decoding=\"async\" width=\"1024\" height=\"1024\" src=\"https:\/\/projeto.corsites.com.br\/finance\/wp-content\/uploads\/2025\/08\/processo-p2.png\" class=\"attachment-large size-large wp-image-7678\" alt=\"\" srcset=\"https:\/\/projeto.corsites.com.br\/finance\/wp-content\/uploads\/2025\/08\/processo-p2.png 1024w, https:\/\/projeto.corsites.com.br\/finance\/wp-content\/uploads\/2025\/08\/processo-p2-768x768.png 768w\" sizes=\"(max-width: 1024px) 100vw, 1024px\" \/><\/figure><h4 class=\"timeline-title\">Defini\u00e7\u00e3o do perfil ideal<\/h4><div class=\"timeline-meta\">Etapa 2<\/div><p class=\"timeline-desc\">Alinhamento com gestores t\u00e9cnicos e RH para detalhamento do perfil comportamental e t\u00e9cnico.<\/p><\/div><div class=\"timeline-point\">2<\/div><div class=\"timeline-meta-wrap\"><figure class=\"timeline-media\"><img loading=\"lazy\" decoding=\"async\" width=\"1024\" height=\"1024\" src=\"https:\/\/projeto.corsites.com.br\/finance\/wp-content\/uploads\/2025\/08\/processo-p2.png\" class=\"attachment-large size-large wp-image-7678\" alt=\"\" srcset=\"https:\/\/projeto.corsites.com.br\/finance\/wp-content\/uploads\/2025\/08\/processo-p2.png 1024w, https:\/\/projeto.corsites.com.br\/finance\/wp-content\/uploads\/2025\/08\/processo-p2-768x768.png 768w\" sizes=\"(max-width: 1024px) 100vw, 1024px\" \/><\/figure><\/div><\/div><div class=\"timeline-item\"><div class=\"timeline-content\"><figure class=\"timeline-media timeline-lg-none\"><img loading=\"lazy\" decoding=\"async\" width=\"1024\" height=\"1024\" src=\"https:\/\/projeto.corsites.com.br\/finance\/wp-content\/uploads\/2025\/08\/processo-p3.png\" class=\"attachment-large size-large wp-image-7682\" alt=\"\" srcset=\"https:\/\/projeto.corsites.com.br\/finance\/wp-content\/uploads\/2025\/08\/processo-p3.png 1024w, https:\/\/projeto.corsites.com.br\/finance\/wp-content\/uploads\/2025\/08\/processo-p3-768x768.png 768w\" sizes=\"(max-width: 1024px) 100vw, 1024px\" \/><\/figure><h4 class=\"timeline-title\">Hunting e triagem t\u00e9cnica<\/h4><div class=\"timeline-meta\">Etapa 3<\/div><p class=\"timeline-desc\">Ativa\u00e7\u00e3o do banco de talentos e busca ativa, com entrevistas t\u00e9cnicas conduzidas por especialistas da \u00e1rea.<\/p><\/div><div class=\"timeline-point\">3<\/div><div class=\"timeline-meta-wrap\"><figure class=\"timeline-media\"><img loading=\"lazy\" decoding=\"async\" width=\"1024\" height=\"1024\" src=\"https:\/\/projeto.corsites.com.br\/finance\/wp-content\/uploads\/2025\/08\/processo-p3.png\" class=\"attachment-large size-large wp-image-7682\" alt=\"\" srcset=\"https:\/\/projeto.corsites.com.br\/finance\/wp-content\/uploads\/2025\/08\/processo-p3.png 1024w, https:\/\/projeto.corsites.com.br\/finance\/wp-content\/uploads\/2025\/08\/processo-p3-768x768.png 768w\" sizes=\"(max-width: 1024px) 100vw, 1024px\" \/><\/figure><\/div><\/div><div class=\"timeline-item\"><div class=\"timeline-content\"><figure class=\"timeline-media timeline-lg-none\"><img loading=\"lazy\" decoding=\"async\" width=\"1024\" height=\"1024\" src=\"https:\/\/projeto.corsites.com.br\/finance\/wp-content\/uploads\/2025\/08\/processo-p4.png\" class=\"attachment-large size-large wp-image-7686\" alt=\"\" srcset=\"https:\/\/projeto.corsites.com.br\/finance\/wp-content\/uploads\/2025\/08\/processo-p4.png 1024w, https:\/\/projeto.corsites.com.br\/finance\/wp-content\/uploads\/2025\/08\/processo-p4-768x768.png 768w\" sizes=\"(max-width: 1024px) 100vw, 1024px\" \/><\/figure><h4 class=\"timeline-title\">Apresenta\u00e7\u00e3o de candidatos e entrevistas com o cliente<\/h4><div class=\"timeline-meta\">Etapa 4<\/div><p class=\"timeline-desc\">Feedbacks r\u00e1pidos e ajustes cont\u00ednuos at\u00e9 encontrar o melhor match.<\/p><\/div><div class=\"timeline-point\">4<\/div><div class=\"timeline-meta-wrap\"><figure class=\"timeline-media\"><img loading=\"lazy\" decoding=\"async\" width=\"1024\" height=\"1024\" src=\"https:\/\/projeto.corsites.com.br\/finance\/wp-content\/uploads\/2025\/08\/processo-p4.png\" class=\"attachment-large size-large wp-image-7686\" alt=\"\" srcset=\"https:\/\/projeto.corsites.com.br\/finance\/wp-content\/uploads\/2025\/08\/processo-p4.png 1024w, https:\/\/projeto.corsites.com.br\/finance\/wp-content\/uploads\/2025\/08\/processo-p4-768x768.png 768w\" sizes=\"(max-width: 1024px) 100vw, 1024px\" \/><\/figure><\/div><\/div><div class=\"timeline-item\"><div class=\"timeline-content\"><figure class=\"timeline-media timeline-lg-none\"><img loading=\"lazy\" decoding=\"async\" width=\"1024\" height=\"1024\" src=\"https:\/\/projeto.corsites.com.br\/finance\/wp-content\/uploads\/2025\/08\/processo-p5.png\" class=\"attachment-large size-large wp-image-7690\" alt=\"\" srcset=\"https:\/\/projeto.corsites.com.br\/finance\/wp-content\/uploads\/2025\/08\/processo-p5.png 1024w, https:\/\/projeto.corsites.com.br\/finance\/wp-content\/uploads\/2025\/08\/processo-p5-768x768.png 768w\" sizes=\"(max-width: 1024px) 100vw, 1024px\" \/><\/figure><h4 class=\"timeline-title\">Contrata\u00e7\u00e3o e onboarding personalizado<\/h4><div class=\"timeline-meta\">Etapa 5<\/div><p class=\"timeline-desc\">Processo \u00e1gil e suporte para r\u00e1pida integra\u00e7\u00e3o do profissional ao time e \u00e0 cultura da empresa.<\/p><\/div><div class=\"timeline-point\">5<\/div><div class=\"timeline-meta-wrap\"><figure class=\"timeline-media\"><img loading=\"lazy\" decoding=\"async\" width=\"1024\" height=\"1024\" src=\"https:\/\/projeto.corsites.com.br\/finance\/wp-content\/uploads\/2025\/08\/processo-p5.png\" class=\"attachment-large size-large wp-image-7690\" alt=\"\" srcset=\"https:\/\/projeto.corsites.com.br\/finance\/wp-content\/uploads\/2025\/08\/processo-p5.png 1024w, https:\/\/projeto.corsites.com.br\/finance\/wp-content\/uploads\/2025\/08\/processo-p5-768x768.png 768w\" sizes=\"(max-width: 1024px) 100vw, 1024px\" \/><\/figure><\/div><\/div><div class=\"timeline-item\"><div class=\"timeline-content\"><figure class=\"timeline-media timeline-lg-none\"><img loading=\"lazy\" decoding=\"async\" width=\"1024\" height=\"1024\" src=\"https:\/\/projeto.corsites.com.br\/finance\/wp-content\/uploads\/2025\/08\/processo-p6.png\" class=\"attachment-large size-large wp-image-7694\" alt=\"\" srcset=\"https:\/\/projeto.corsites.com.br\/finance\/wp-content\/uploads\/2025\/08\/processo-p6.png 1024w, https:\/\/projeto.corsites.com.br\/finance\/wp-content\/uploads\/2025\/08\/processo-p6-768x768.png 768w\" sizes=\"(max-width: 1024px) 100vw, 1024px\" \/><\/figure><h4 class=\"timeline-title\">Gest\u00e3o e acompanhamento cont\u00ednuo<\/h4><div class=\"timeline-meta\">Etapa 6<\/div><p class=\"timeline-desc\">Acompanhamento ativo do profissional alocado, com reuni\u00f5es peri\u00f3dicas, medi\u00e7\u00e3o de SLA e atua\u00e7\u00e3o consultiva.<\/p><\/div><div class=\"timeline-point\">6<\/div><div class=\"timeline-meta-wrap\"><figure class=\"timeline-media\"><img loading=\"lazy\" decoding=\"async\" width=\"1024\" height=\"1024\" src=\"https:\/\/projeto.corsites.com.br\/finance\/wp-content\/uploads\/2025\/08\/processo-p6.png\" class=\"attachment-large size-large wp-image-7694\" alt=\"\" srcset=\"https:\/\/projeto.corsites.com.br\/finance\/wp-content\/uploads\/2025\/08\/processo-p6.png 1024w, https:\/\/projeto.corsites.com.br\/finance\/wp-content\/uploads\/2025\/08\/processo-p6-768x768.png 768w\" sizes=\"(max-width: 1024px) 100vw, 1024px\" \/><\/figure><\/div><\/div><\/div><\/div>\t\t\t\t<\/div>\n\t\t\t\t<\/div>\n\t\t\t\t\t\t<\/div>\r\n\t\t\t\t\r\n\t\t\t<\/div>\r\n\t\t\t\t\t<\/div>\n\t\t","protected":false},"excerpt":{"rendered":"<p>Agilidade, precis\u00e3o t\u00e9cnica e gest\u00e3o cont\u00ednua para gerar alto impacto nos seus projetos de Tecnologia da Informa\u00e7\u00e3o. Empresas que querem avan\u00e7ar com tecnologia n\u00e3o podem perder tempo com processos lentos ou contrata\u00e7\u00f5es imprecisas. Na FinanceIT, atuamos como parceiro estrat\u00e9gico para identificar, alocar e acompanhar profissionais de TI com agilidade, alinhamento t\u00e9cnico e vis\u00e3o de resultado.Oferecemos [&hellip;]<\/p>\n","protected":false},"author":1,"featured_media":0,"parent":14,"menu_order":0,"comment_status":"closed","ping_status":"closed","template":"","meta":{"_acf_changed":false,"footnotes":""},"class_list":["post-1109","page","type-page","status-publish","hentry"],"acf":[],"_links":{"self":[{"href":"https:\/\/projeto.corsites.com.br\/finance\/wp-json\/wp\/v2\/pages\/1109","targetHints":{"allow":["GET"]}}],"collection":[{"href":"https:\/\/projeto.corsites.com.br\/finance\/wp-json\/wp\/v2\/pages"}],"about":[{"href":"https:\/\/projeto.corsites.com.br\/finance\/wp-json\/wp\/v2\/types\/page"}],"author":[{"embeddable":true,"href":"https:\/\/projeto.corsites.com.br\/finance\/wp-json\/wp\/v2\/users\/1"}],"replies":[{"embeddable":true,"href":"https:\/\/projeto.corsites.com.br\/finance\/wp-json\/wp\/v2\/comments?post=1109"}],"version-history":[{"count":106,"href":"https:\/\/projeto.corsites.com.br\/finance\/wp-json\/wp\/v2\/pages\/1109\/revisions"}],"predecessor-version":[{"id":7697,"href":"https:\/\/projeto.corsites.com.br\/finance\/wp-json\/wp\/v2\/pages\/1109\/revisions\/7697"}],"up":[{"embeddable":true,"href":"https:\/\/projeto.corsites.com.br\/finance\/wp-json\/wp\/v2\/pages\/14"}],"wp:attachment":[{"href":"https:\/\/projeto.corsites.com.br\/finance\/wp-json\/wp\/v2\/media?parent=1109"}],"curies":[{"name":"wp","href":"https:\/\/api.w.org\/{rel}","templated":true}]}}