{"id":10,"date":"2021-09-26T05:40:43","date_gmt":"2021-09-26T05:40:43","guid":{"rendered":"https:\/\/d-themes.com\/wordpress\/udesign\/dummy\/clean-home\/?page_id=10"},"modified":"2025-08-20T17:13:40","modified_gmt":"2025-08-20T20:13:40","slug":"contato","status":"publish","type":"page","link":"https:\/\/projeto.corsites.com.br\/finance\/contato\/","title":{"rendered":"Contato"},"content":{"rendered":"\t\t<div data-elementor-type=\"wp-page\" data-elementor-id=\"10\" class=\"elementor elementor-10\" data-elementor-post-type=\"page\">\n\t\t\t\t\t\t<div class=\" elementor-section elementor-top-section elementor-element elementor-element-9f56571 elementor-section-content-middle elementor-section-boxed elementor-section-height-default elementor-section-height-default smart-sticky-default\" data-id=\"9f56571\" data-element_type=\"section\">\r\n\t\t\t\t\t\t\t\t<div class=\"elementor-container elementor-column-gap-default\">\r\n\t\t\t\t\r\n\t\t\t\t\t\t\t\t<div class=\" elementor-column elementor-col-50 elementor-top-column elementor-element elementor-element-819b6a2 \" data-id=\"819b6a2\" data-element_type=\"column\">\r\n\r\n\t\t\t\t\r\n\t\t\t\t<div class=\"elementor-widget-wrap elementor-element-populated\">\r\n\t\t\t\t\t\t\t\t\t\t\r\n\t\t\t\t\t\t<div class=\"elementor-element elementor-element-d66d6f9 elementor-widget__width-initial elementor-invisible elementor-widget elementor-widget-udesign_widget_banner\" data-id=\"d66d6f9\" data-element_type=\"widget\" data-settings=\"{&quot;_animation&quot;:&quot;fadeInLeftShorter&quot;,&quot;_content_animation&quot;:&quot;none&quot;}\" data-widget_type=\"udesign_widget_banner.default\">\r\n\t\t\t\t<div class=\"elementor-widget-container\">\n\t\t\t\t\t<div class=\"banner banner-fixed\"><div class=\"banner-content t-m\"><h2 class=\"banner-item elementor-repeater-item-295a394 item-block text\">Fa\u00e7a Contato<\/h2><h3 class=\"banner-item elementor-repeater-item-7c2493c item-block text\">e retornaremos para voc\u00ea<\/h3><p class=\"banner-item elementor-repeater-item-080f48a item-block text\">Tem alguma d\u00favida, quer solicitar um or\u00e7amento ou agendar um servi\u00e7o? Preencha o formul\u00e1rio abaixo ou fale conosco pelos canais dispon\u00edveis. Estamos prontos para ajudar!<\/p><h4 class=\"banner-item elementor-repeater-item-4566e95 item-block text\">Contact info<\/h4><div class=\"banner-item elementor-repeater-item-02e96a7 custom-contact-info item-block text\">Tel : <a href=\"tel:11914696503\">+5511 91469-6503<\/a><\/div><div class=\"banner-item elementor-repeater-item-12d502a custom-contact-info item-block text\">Email : <a href=\"mailto:contato-website@financeit.com.br\">contato-website@financeit.com.br<\/a><\/div><\/div><\/div>\t\t\t\t<\/div>\n\t\t\t\t<\/div>\n\t\t\t\t\t\t<\/div>\r\n\t\t\t\t<\/div>\r\n\t\t\t\t\t\t\t\t\t<div class=\" elementor-column elementor-col-50 elementor-top-column elementor-element elementor-element-ab55fdf \" data-id=\"ab55fdf\" data-element_type=\"column\">\r\n\r\n\t\t\t\t\r\n\t\t\t\t<div class=\"elementor-widget-wrap elementor-element-populated\">\r\n\t\t\t\t\t\t\t\t\t\t\r\n\t\t\t\t\t\t<div class=\"elementor-element elementor-element-dbffcd1 elementor-widget elementor-widget-udesign_widget_contact_form\" data-id=\"dbffcd1\" data-element_type=\"widget\" data-widget_type=\"udesign_widget_contact_form.default\">\n\t\t\t\t<div class=\"elementor-widget-container\">\n\t\t\t\t\t\n<div class=\"wpcf7 no-js\" id=\"wpcf7-f4080-o1\" lang=\"en-US\" dir=\"ltr\" data-wpcf7-id=\"4080\">\n<div class=\"screen-reader-response\"><p role=\"status\" aria-live=\"polite\" aria-atomic=\"true\"><\/p> <ul><\/ul><\/div>\n<form action=\"\/finance\/wp-json\/wp\/v2\/pages\/10#wpcf7-f4080-o1\" method=\"post\" class=\"wpcf7-form init\" aria-label=\"Contact form\" novalidate=\"novalidate\" data-status=\"init\">\n<fieldset class=\"hidden-fields-container\"><input type=\"hidden\" name=\"_wpcf7\" value=\"4080\" \/><input type=\"hidden\" name=\"_wpcf7_version\" value=\"6.1.1\" \/><input type=\"hidden\" name=\"_wpcf7_locale\" value=\"en_US\" \/><input type=\"hidden\" name=\"_wpcf7_unit_tag\" value=\"wpcf7-f4080-o1\" \/><input type=\"hidden\" name=\"_wpcf7_container_post\" value=\"0\" \/><input type=\"hidden\" name=\"_wpcf7_posted_data_hash\" value=\"\" \/>\n<\/fieldset>\n<p><span class=\"wpcf7-form-control-wrap\" data-name=\"text-81\"><input size=\"40\" maxlength=\"400\" class=\"wpcf7-form-control wpcf7-text wpcf7-validates-as-required\" aria-required=\"true\" aria-invalid=\"false\" placeholder=\"Seu Nome\" value=\"\" type=\"text\" name=\"text-81\" \/><\/span>\n<\/p>\n<p><span class=\"wpcf7-form-control-wrap\" data-name=\"email-589\"><input size=\"40\" maxlength=\"400\" class=\"wpcf7-form-control wpcf7-email wpcf7-validates-as-required wpcf7-text wpcf7-validates-as-email\" aria-required=\"true\" aria-invalid=\"false\" placeholder=\"Seu endere\u00e7o de e-mail\" value=\"\" type=\"email\" name=\"email-589\" \/><\/span>\n<\/p>\n<p class=\"mb-6\"><span class=\"wpcf7-form-control-wrap\" data-name=\"textarea-244\"><textarea cols=\"40\" rows=\"10\" maxlength=\"2000\" class=\"wpcf7-form-control wpcf7-textarea\" aria-invalid=\"false\" placeholder=\"Sua Mensagem\" name=\"textarea-244\"><\/textarea><\/span>\n<\/p>\n<p><button type=\"submit\" class=\"btn w-100\">Enviar<i class=\"a-icon-long-arrow-right\" style=\"margin-left: .9rem; font-size: 1.1em;\"><\/i><\/button>\n<\/p><div class=\"wpcf7-response-output\" aria-hidden=\"true\"><\/div>\n<\/form>\n<\/div>\n\t\t\t\t<\/div>\n\t\t\t\t<\/div>\n\t\t\t\t\t\t<\/div>\r\n\t\t\t\t<\/div>\r\n\t\t\t\t\t\t\t\t<\/div>\r\n\t\t\t<\/div>\r\n\t\t\t\t\t<\/div>\n\t\t","protected":false},"excerpt":{"rendered":"<p>Fa\u00e7a Contato e retornaremos para voc\u00ea Tem alguma d\u00favida, quer solicitar um or\u00e7amento ou agendar um servi\u00e7o? Preencha o formul\u00e1rio abaixo ou fale conosco pelos canais dispon\u00edveis. Estamos prontos para ajudar! Contact info Tel : +5511 91469-6503Email : contato-website@financeit.com.br Enviar<\/p>\n","protected":false},"author":1,"featured_media":0,"parent":0,"menu_order":0,"comment_status":"closed","ping_status":"closed","template":"","meta":{"_acf_changed":false,"footnotes":""},"class_list":["post-10","page","type-page","status-publish","hentry"],"acf":[],"_links":{"self":[{"href":"https:\/\/projeto.corsites.com.br\/finance\/wp-json\/wp\/v2\/pages\/10","targetHints":{"allow":["GET"]}}],"collection":[{"href":"https:\/\/projeto.corsites.com.br\/finance\/wp-json\/wp\/v2\/pages"}],"about":[{"href":"https:\/\/projeto.corsites.com.br\/finance\/wp-json\/wp\/v2\/types\/page"}],"author":[{"embeddable":true,"href":"https:\/\/projeto.corsites.com.br\/finance\/wp-json\/wp\/v2\/users\/1"}],"replies":[{"embeddable":true,"href":"https:\/\/projeto.corsites.com.br\/finance\/wp-json\/wp\/v2\/comments?post=10"}],"version-history":[{"count":37,"href":"https:\/\/projeto.corsites.com.br\/finance\/wp-json\/wp\/v2\/pages\/10\/revisions"}],"predecessor-version":[{"id":8612,"href":"https:\/\/projeto.corsites.com.br\/finance\/wp-json\/wp\/v2\/pages\/10\/revisions\/8612"}],"wp:attachment":[{"href":"https:\/\/projeto.corsites.com.br\/finance\/wp-json\/wp\/v2\/media?parent=10"}],"curies":[{"name":"wp","href":"https:\/\/api.w.org\/{rel}","templated":true}]}}